{"id":199,"date":"2017-10-02T02:27:49","date_gmt":"2017-10-02T02:27:49","guid":{"rendered":"https:\/\/unionenergy.co.mz\/\/?page_id=199"},"modified":"2021-05-27T15:30:27","modified_gmt":"2021-05-27T15:30:27","slug":"mission-values","status":"publish","type":"page","link":"https:\/\/unionenergy.co.mz\/pt\/about-company\/mission-values\/","title":{"rendered":"Miss\u00e3o &#038; Valores"},"content":{"rendered":"<div class=\"wpb-content-wrapper\"><p>[vc_row css=&#8221;.vc_custom_1621555028058{margin-right: 0px !important;margin-left: 0px !important;padding-top: 100px !important;padding-right: 40px !important;padding-bottom: 100px !important;padding-left: 40px !important;background-image: url(https:\/\/unionenergy.co.mz\/wp-content\/uploads\/2021\/05\/mission-page.jpg?id=2158) !important;background-position: center !important;background-repeat: no-repeat !important;background-size: cover !important;}&#8221;][vc_column width=&#8221;2\/3&#8243;][vc_column_text css_animation=&#8221;bottom-to-top&#8221;]<\/p>\n<h2 class=\"text-intro no-margin-top\" style=\"font-weight: 300;\"><span style=\"color: #ffffff;\">A nossa Miss\u00e3o \u00e9 de fazer uma<strong> Diferen\u00e7a <\/strong>a <strong>Longo prazo<\/strong> na nossa <strong>Ind\u00fastria.<\/strong><\/span><\/h2>\n<p>[\/vc_column_text][\/vc_column][vc_column width=&#8221;1\/3&#8243;][\/vc_column][\/vc_row][vc_row css=&#8221;.vc_custom_1510549832750{padding-top: 50px !important;}&#8221;][vc_column width=&#8221;1\/4&#8243;][vc_custom_heading text=&#8221;Nossa Vis\u00e3o&#8221; font_container=&#8221;tag:h3|text_align:left&#8221; use_theme_fonts=&#8221;yes&#8221;][vc_empty_space height=&#8221;20px&#8221;][\/vc_column][vc_column width=&#8221;3\/4&#8243;][vc_column_text]Ser reconhecidos como um parceiro preferencial na ind\u00fastria petrol\u00edfera da \u00c1frica Austral por cumprir as nossas promessas, abrir novas oportunidades e abordagens e trazer valor para a nossa ind\u00fastria, acionistas e comunidade.[\/vc_column_text][\/vc_column][\/vc_row][vc_row css=&#8221;.vc_custom_1510549832750{padding-top: 50px !important;}&#8221;][vc_column width=&#8221;1\/4&#8243;][vc_custom_heading text=&#8221;Nossa Miss\u00e3o&#8221; font_container=&#8221;tag:h3|text_align:left&#8221; use_theme_fonts=&#8221;yes&#8221;][vc_empty_space height=&#8221;20px&#8221;][\/vc_column][vc_column width=&#8221;3\/4&#8243;][vc_column_text]Para fazer a diferen\u00e7a de longo prazo em nosso setor e ganhar a confian\u00e7a de nossos parceiros e acionistas.[\/vc_column_text][\/vc_column][\/vc_row][vc_row css=&#8221;.vc_custom_1619733175001{padding-top: 50px !important;}&#8221;][vc_column width=&#8221;1\/4&#8243;][vc_custom_heading text=&#8221;Valores Fundamentais&#8221; font_container=&#8221;tag:h3|text_align:left&#8221; use_theme_fonts=&#8221;yes&#8221;][vc_empty_space height=&#8221;20px&#8221;][\/vc_column][vc_column width=&#8221;3\/4&#8243;][vc_column_text]<\/p>\n<ul>\n<li>Determine os crit\u00e9rios de sucesso de nossos clientes e conheceremos nossos crit\u00e9rios de sucesso;<\/li>\n<li>Aumentar o conhecimento, aprendizagem e desenvolvimento;<\/li>\n<li>Ser criativo, inovador e de mente aberta&#8230; promove a mudan\u00e7a;<\/li>\n<li>Construir relacionamentos abertos e honestos por meio da comunica\u00e7\u00e3o;<\/li>\n<li>Trabalhar com paix\u00e3o e dedica\u00e7\u00e3o&#8230; buscar a excel\u00eancia;<\/li>\n<li>Saber que os indiv\u00edduos contribuem, as equipes ganham;<\/li>\n<li>Sem Sa\u00fade e Seguran\u00e7a, n\u00e3o temos nada.<\/li>\n<\/ul>\n<p>[\/vc_column_text][\/vc_column][\/vc_row][vc_row][vc_column][vc_empty_space height=&#8221;40px&#8221;][\/vc_column][\/vc_row]<\/p>\n<\/div>","protected":false},"excerpt":{"rendered":"<p>[vc_row css=&#8221;.vc_custom_1621555028058{margin-right: 0px !important;margin-left: 0px !important;padding-top: 100px !important;padding-right: 40px !important;padding-bottom: 100px !important;padding-left: 40px !important;background-image: url(https:\/\/unionenergy.co.mz\/wp-content\/uploads\/2021\/05\/mission-page.jpg?id=2158) !important;background-position: center !important;background-repeat: no-repeat !important;background-size: cover !important;}&#8221;][vc_column width=&#8221;2\/3&#8243;][vc_column_text css_animation=&#8221;bottom-to-top&#8221;] A nossa Miss\u00e3o \u00e9 de fazer uma Diferen\u00e7a a Longo prazo na nossa Ind\u00fastria. [\/vc_column_text][\/vc_column][vc_column width=&#8221;1\/3&#8243;][\/vc_column][\/vc_row][vc_row css=&#8221;.vc_custom_1510549832750{padding-top: 50px !important;}&#8221;][vc_column width=&#8221;1\/4&#8243;][vc_custom_heading text=&#8221;Nossa Vis\u00e3o&#8221; font_container=&#8221;tag:h3|text_align:left&#8221; use_theme_fonts=&#8221;yes&#8221;][vc_empty_space height=&#8221;20px&#8221;][\/vc_column][vc_column width=&#8221;3\/4&#8243;][vc_column_text]Ser reconhecidos como um parceiro preferencial [&hellip;]<\/p>\n","protected":false},"author":1,"featured_media":0,"parent":2,"menu_order":0,"comment_status":"closed","ping_status":"closed","template":"","meta":{"footnotes":""},"class_list":["post-199","page","type-page","status-publish","hentry"],"_links":{"self":[{"href":"https:\/\/unionenergy.co.mz\/pt\/wp-json\/wp\/v2\/pages\/199","targetHints":{"allow":["GET"]}}],"collection":[{"href":"https:\/\/unionenergy.co.mz\/pt\/wp-json\/wp\/v2\/pages"}],"about":[{"href":"https:\/\/unionenergy.co.mz\/pt\/wp-json\/wp\/v2\/types\/page"}],"author":[{"embeddable":true,"href":"https:\/\/unionenergy.co.mz\/pt\/wp-json\/wp\/v2\/users\/1"}],"replies":[{"embeddable":true,"href":"https:\/\/unionenergy.co.mz\/pt\/wp-json\/wp\/v2\/comments?post=199"}],"version-history":[{"count":5,"href":"https:\/\/unionenergy.co.mz\/pt\/wp-json\/wp\/v2\/pages\/199\/revisions"}],"predecessor-version":[{"id":2366,"href":"https:\/\/unionenergy.co.mz\/pt\/wp-json\/wp\/v2\/pages\/199\/revisions\/2366"}],"up":[{"embeddable":true,"href":"https:\/\/unionenergy.co.mz\/pt\/wp-json\/wp\/v2\/pages\/2"}],"wp:attachment":[{"href":"https:\/\/unionenergy.co.mz\/pt\/wp-json\/wp\/v2\/media?parent=199"}],"curies":[{"name":"wp","href":"https:\/\/api.w.org\/{rel}","templated":true}]}}