{"id":2,"date":"2017-09-26T08:08:51","date_gmt":"2017-09-26T08:08:51","guid":{"rendered":"https:\/\/unionenergy.co.mz\/\/?page_id=2"},"modified":"2021-06-08T13:51:33","modified_gmt":"2021-06-08T13:51:33","slug":"about-company","status":"publish","type":"page","link":"https:\/\/unionenergy.co.mz\/pt\/about-company\/","title":{"rendered":"Sobre-n\u00f3s"},"content":{"rendered":"<div class=\"wpb-content-wrapper\"><p>[vc_row full_width=&#8221;stretch_row&#8221; css=&#8221;.vc_custom_1622118501201{margin-right: 0px !important;margin-left: 0px !important;}&#8221;][vc_column width=&#8221;2\/3&#8243; css=&#8221;.vc_custom_1621566686129{margin-right: 0px !important;margin-bottom: 20px !important;margin-left: 0px !important;background-image: url(https:\/\/unionenergy.co.mz\/wp-content\/uploads\/2021\/05\/about-us-mission.jpg?id=2153) !important;background-position: center !important;background-repeat: no-repeat !important;background-size: cover !important;}&#8221;][vc_row_inner css=&#8221;.vc_custom_1620443252316{margin-right: 0px !important;margin-left: 0px !important;padding-top: 110px !important;padding-right: 40px !important;padding-bottom: 80px !important;padding-left: 40px !important;}&#8221;][vc_column_inner width=&#8221;5\/6&#8243; css=&#8221;.vc_custom_1620448039293{margin-right: 0px !important;margin-left: 0px !important;}&#8221;][vc_column_text css_animation=&#8221;bottom-to-top&#8221;]<\/p>\n<h2 class=\"text-intro no-margin-top\"><span style=\"color: #ffffff;\">Fornecimento de <strong>Combust\u00edvel <\/strong>de Qualidade<\/span><\/h2>\n<p>[\/vc_column_text][\/vc_column_inner][vc_column_inner width=&#8221;1\/6&#8243;][\/vc_column_inner][\/vc_row_inner][\/vc_column][vc_column width=&#8221;1\/3&#8243; css=&#8221;.vc_custom_1622118801402{margin-right: 0px !important;margin-left: 0px !important;padding-right: 20px !important;padding-left: 20px !important;}&#8221;]\n<!-- BEGIN .imagebox -->\n<div class=\"imagebox style2  vc_custom_1622125376559\">\n\t\n\t\t<div class=\"box-header\">\n\t\t\t<h3 class=\"box-title\">\n\t\t\t\t<a href=\"https:\/\/unionenergy.co.mz\/\/our-services\/\" target=\"_self\">\n\t\t\t\t\tServi\u00e7os\t\t\t\t<\/a>\n\t\t\t<\/h3>\n\n\t\t\t\t\t\t\t<span class=\"box-subtitle\">\n\t\t\t\t\tExplorando a variedade de servi\u00e7os que oferecemos.\t\t\t\t<\/span>\n\t\t\t\t\t<\/div>\n\n\t\t<div class=\"box-content\"><\/div>\n\n\t\t<div class=\"box-image\">\n\t\t\t<a href=\"https:\/\/unionenergy.co.mz\/\/our-services\/\" target=\"_self\">\n\t\t\t\t\n\t\t\t\t<img decoding=\"async\" class=\"\" src=\"https:\/\/unionenergy.co.mz\/wp-content\/uploads\/2021\/05\/services-03-144x150.jpg\" width=\"144\" height=\"150\" alt=\"services-03\" title=\"services-03\" loading=\"lazy\" \/>\t\t\t<\/a>\n\t\t<\/div>\n\t<\/div>\n<!-- End .imagebox -->\n[vc_empty_space height=&#8221;30px&#8221;]\n<!-- BEGIN .imagebox -->\n<div class=\"imagebox style2 \">\n\t\n\t\t<div class=\"box-header\">\n\t\t\t<h3 class=\"box-title\">\n\t\t\t\t<a href=\"https:\/\/unionenergy.co.mz\/products\/\" target=\"_self\">\n\t\t\t\t\tProdutos\t\t\t\t<\/a>\n\t\t\t<\/h3>\n\n\t\t\t\t\t\t\t<span class=\"box-subtitle\">\n\t\t\t\t\tExplorando a variedade de produtos que oferecemos.\t\t\t\t<\/span>\n\t\t\t\t\t<\/div>\n\n\t\t<div class=\"box-content\"><\/div>\n\n\t\t<div class=\"box-image\">\n\t\t\t<a href=\"https:\/\/unionenergy.co.mz\/products\/\" target=\"_self\">\n\t\t\t\t\n\t\t\t\t<img decoding=\"async\" class=\"\" src=\"https:\/\/unionenergy.co.mz\/wp-content\/uploads\/2021\/05\/bombas-1-144x150.jpg\" width=\"144\" height=\"150\" alt=\"bombas 1\" title=\"bombas 1\" loading=\"lazy\" \/>\t\t\t<\/a>\n\t\t<\/div>\n\t<\/div>\n<!-- End .imagebox -->\n[vc_empty_space height=&#8221;30px&#8221;][\/vc_column][\/vc_row][vc_row][vc_column][vc_empty_space height=&#8221;20px&#8221;][vc_custom_heading text=&#8221;Vis\u00e3o Geral da Empresa&#8221; font_container=&#8221;tag:h3|text_align:left&#8221; use_theme_fonts=&#8221;yes&#8221;][vc_empty_space height=&#8221;20px&#8221;][vc_row_inner content_placement=&#8221;top&#8221; css=&#8221;.vc_custom_1620440502543{padding-bottom: 40px !important;}&#8221;][vc_column_inner width=&#8221;1\/2&#8243; css=&#8221;.vc_custom_1619818290774{margin-right: 0px !important;margin-left: 0px !important;}&#8221;][vc_column_text]A Union Energy Mozambique, Lda est\u00e1 registada em Maputo como uma sociedade privada por quotas. Com sede em Av da Marginal n\u00ba 4985, Edif\u00edcio Zen, 3\u00ba andar Direito \u2013 Cidade de Maputo.<\/p>\n<p>A Union Energy \u00e9 uma empresa de energia petrol\u00edfera que se concentra em mercados em r\u00e1pido crescimento com elevada procura de produtos petrol\u00edferos. As principais atividades comerciais da Union Energy s\u00e3o explora\u00e7\u00e3o de instala\u00e7\u00f5es de armazenamento e retalho para, e a venda e distribui\u00e7\u00e3o de produtos petrol\u00edferos.[\/vc_column_text][vc_empty_space height=&#8221;20px&#8221;][\/vc_column_inner][vc_column_inner width=&#8221;1\/2&#8243;][vc_column_text]Consideramos Mo\u00e7ambique um pa\u00eds com um enorme potencial de crescimento e temos uma vis\u00e3o a m\u00e9dio e longo prazo da nossa presen\u00e7a em Mo\u00e7ambique e constru\u00edmos capacidade para investir nas infraestruturas necess\u00e1rias para ligar a oferta e a procura.<\/p>\n<p>A Union Energy fornece combust\u00edvel de qualidade e investe em infraestruturas transformadoras. Atrav\u00e9s das nossas ricas experi\u00eancias, a Empresa tem experi\u00eancia na integra\u00e7\u00e3o de opera\u00e7\u00f5es a m\u00e9dio e jusante, de forma a fornecer combust\u00edveis de alta qualidade em toda a \u00c1frica Austral de forma segura, r\u00e1pida, fi\u00e1vel e a pre\u00e7os competitivos.[\/vc_column_text][vc_empty_space height=&#8221;20px&#8221;][\/vc_column_inner][\/vc_row_inner][\/vc_column][\/vc_row][vc_row full_width=&#8221;stretch_row&#8221; css=&#8221;.vc_custom_1620440560280{padding-bottom: 50px !important;background-color: #ffffff !important;}&#8221;][vc_column width=&#8221;1\/4&#8243;]<div class=\"iconbox hover  vc_custom_1622125707997\">\n\t<div class=\"box-header\">\n\t\t<div class=\"box-icon\"><i class=\"fas fa-bullseye\"><\/i><\/div>\n\t\t<h5 class=\"box-title\">Miss\u00e3o, Vis\u00e3o &amp; Valores<\/h5>\n\t<\/div>\n\t<div class=\"box-content\">\n\t\t<div class=\"box-detail\">\n\t\t\t\n\t\t\t\n\t\t<p class=\"box-readmore\">\n\t\t\t<a href=\"https:\/\/unionenergy.co.mz\/about-company\/mission-values\/\">Saiba Mais<\/a>\n\t\t<\/p>\n\t\t<\/div>\n\t<\/div>\n<\/div>[vc_empty_space height=&#8221;30px&#8221;][\/vc_column][vc_column width=&#8221;1\/4&#8243;]<div class=\"iconbox hover  vc_custom_1622125611268\">\n\t<div class=\"box-header\">\n\t\t<div class=\"box-icon\"><i class=\"fas fa-restroom\"><\/i><\/div>\n\t\t<h5 class=\"box-title\">Responsabilidade Social<\/h5>\n\t<\/div>\n\t<div class=\"box-content\">\n\t\t<div class=\"box-detail\">\n\t\t\t\n\t\t\t\n\t\t<p class=\"box-readmore\">\n\t\t\t<a href=\"https:\/\/unionenergy.co.mz\/about-company\/social-responsibility\/\">Saiba Mais<\/a>\n\t\t<\/p>\n\t\t<\/div>\n\t<\/div>\n<\/div>[vc_empty_space height=&#8221;30px&#8221;][\/vc_column][vc_column width=&#8221;1\/4&#8243;]<div class=\"iconbox hover  vc_custom_1623160289608\">\n\t<div class=\"box-header\">\n\t\t<div class=\"box-icon\"><i class=\"fas fa-newspaper\"><\/i><\/div>\n\t\t<h5 class=\"box-title\">Acompanhe as Nossas Noticias<\/h5>\n\t<\/div>\n\t<div class=\"box-content\">\n\t\t<div class=\"box-detail\">\n\t\t\t\n\t\t\t\n\t\t<p class=\"box-readmore\">\n\t\t\t<a href=\"https:\/\/unionenergy.co.mz\/news\/\">Saiba Mais<\/a>\n\t\t<\/p>\n\t\t<\/div>\n\t<\/div>\n<\/div>[vc_empty_space height=&#8221;30px&#8221;][\/vc_column][vc_column width=&#8221;1\/4&#8243;]<div class=\"iconbox hover  vc_custom_1623160239426\">\n\t<div class=\"box-header\">\n\t\t<div class=\"box-icon\"><i class=\"fas fa-phone-alt\"><\/i><\/div>\n\t\t<h5 class=\"box-title\">Entre em Contacto Connosco<\/h5>\n\t<\/div>\n\t<div class=\"box-content\">\n\t\t<div class=\"box-detail\">\n\t\t\t\n\t\t\t\n\t\t<p class=\"box-readmore\">\n\t\t\t<a href=\"https:\/\/unionenergy.co.mz\/contact-us\/\">Contactar-nos<\/a>\n\t\t<\/p>\n\t\t<\/div>\n\t<\/div>\n<\/div>[vc_empty_space height=&#8221;30px&#8221;][\/vc_column][\/vc_row][vc_row full_width=&#8221;stretch_row&#8221; css=&#8221;.vc_custom_1621023101595{padding-top: 80px !important;padding-bottom: 60px !important;background-color: #e9eaee !important;background-position: center !important;background-repeat: no-repeat !important;background-size: cover !important;}&#8221;][vc_column][vc_row_inner][vc_column_inner width=&#8221;1\/12&#8243;][\/vc_column_inner][vc_column_inner width=&#8221;5\/6&#8243;][vc_custom_heading text=&#8221;IND\u00daSTRIAS QUE SERVIMOS&#8221; font_container=&#8221;tag:h2|text_align:center&#8221; use_theme_fonts=&#8221;yes&#8221;][\/vc_column_inner][vc_column_inner width=&#8221;1\/12&#8243;][\/vc_column_inner][\/vc_row_inner][vc_empty_space height=&#8221;35px&#8221;][\/vc_column][vc_column]<ul class=\"iconlist iconlist iconlist-icon-medium \"><li ><div class=\"iconlist-item-icon\"><i class=\"fas fa-gem\"><\/i><span class=\"shapes\"><\/span><\/div><div class=\"iconlist-item-content\"><\/p>\n<h5>Ind\u00fastria Mineira<\/h5>\n<p><\/div><\/li><li ><div class=\"iconlist-item-icon\"><i class=\"fas fa-bus-alt\"><\/i><span class=\"shapes\"><\/span><\/div><div class=\"iconlist-item-content\"><\/p>\n<h5>Ind\u00fastria de Transportes<\/h5>\n<p><\/div><\/li><li ><div class=\"iconlist-item-icon\"><i class=\"fas fa-store\"><\/i><span class=\"shapes\"><\/span><\/div><div class=\"iconlist-item-content\"><\/p>\n<h5>Ind\u00fastria Retalhista<\/h5>\n<p><\/div><\/li><li ><div class=\"iconlist-item-icon\"><i class=\"fas fa-tractor\"><\/i><span class=\"shapes\"><\/span><\/div><div class=\"iconlist-item-content\"><\/p>\n<h5>Ind\u00fastria Agr\u00edcola<\/h5>\n<p><\/div><\/li><li ><div class=\"iconlist-item-icon\"><i class=\"fas fa-ship\"><\/i><span class=\"shapes\"><\/span><\/div><div class=\"iconlist-item-content\"><\/p>\n<h5>Ind\u00fastria Marinha<\/h5>\n<p><\/div><\/li><li ><div class=\"iconlist-item-icon\"><i class=\"fas fa-plus-circle\"><\/i><span class=\"shapes\"><\/span><\/div><div class=\"iconlist-item-content\"><\/p>\n<h5>Outras Ind\u00fastrias<\/h5>\n<p><\/div><\/li><\/ul>[\/vc_column][\/vc_row]<\/p>\n<\/div>","protected":false},"excerpt":{"rendered":"<p>[vc_row full_width=&#8221;stretch_row&#8221; css=&#8221;.vc_custom_1622118501201{margin-right: 0px !important;margin-left: 0px !important;}&#8221;][vc_column width=&#8221;2\/3&#8243; css=&#8221;.vc_custom_1621566686129{margin-right: 0px !important;margin-bottom: 20px !important;margin-left: 0px !important;background-image: url(https:\/\/unionenergy.co.mz\/wp-content\/uploads\/2021\/05\/about-us-mission.jpg?id=2153) !important;background-position: center !important;background-repeat: no-repeat !important;background-size: cover !important;}&#8221;][vc_row_inner css=&#8221;.vc_custom_1620443252316{margin-right: 0px !important;margin-left: 0px !important;padding-top: 110px !important;padding-right: 40px !important;padding-bottom: 80px !important;padding-left: 40px !important;}&#8221;][vc_column_inner width=&#8221;5\/6&#8243; css=&#8221;.vc_custom_1620448039293{margin-right: 0px !important;margin-left: 0px !important;}&#8221;][vc_column_text css_animation=&#8221;bottom-to-top&#8221;] Fornecimento de Combust\u00edvel de Qualidade [\/vc_column_text][\/vc_column_inner][vc_column_inner width=&#8221;1\/6&#8243;][\/vc_column_inner][\/vc_row_inner][\/vc_column][vc_column width=&#8221;1\/3&#8243; css=&#8221;.vc_custom_1622118801402{margin-right: 0px !important;margin-left: 0px [&hellip;]<\/p>\n","protected":false},"author":1,"featured_media":0,"parent":0,"menu_order":0,"comment_status":"closed","ping_status":"open","template":"","meta":{"footnotes":""},"class_list":["post-2","page","type-page","status-publish","hentry"],"_links":{"self":[{"href":"https:\/\/unionenergy.co.mz\/pt\/wp-json\/wp\/v2\/pages\/2","targetHints":{"allow":["GET"]}}],"collection":[{"href":"https:\/\/unionenergy.co.mz\/pt\/wp-json\/wp\/v2\/pages"}],"about":[{"href":"https:\/\/unionenergy.co.mz\/pt\/wp-json\/wp\/v2\/types\/page"}],"author":[{"embeddable":true,"href":"https:\/\/unionenergy.co.mz\/pt\/wp-json\/wp\/v2\/users\/1"}],"replies":[{"embeddable":true,"href":"https:\/\/unionenergy.co.mz\/pt\/wp-json\/wp\/v2\/comments?post=2"}],"version-history":[{"count":4,"href":"https:\/\/unionenergy.co.mz\/pt\/wp-json\/wp\/v2\/pages\/2\/revisions"}],"predecessor-version":[{"id":2575,"href":"https:\/\/unionenergy.co.mz\/pt\/wp-json\/wp\/v2\/pages\/2\/revisions\/2575"}],"wp:attachment":[{"href":"https:\/\/unionenergy.co.mz\/pt\/wp-json\/wp\/v2\/media?parent=2"}],"curies":[{"name":"wp","href":"https:\/\/api.w.org\/{rel}","templated":true}]}}