{"id":202,"date":"2017-10-02T02:30:27","date_gmt":"2017-10-02T02:30:27","guid":{"rendered":"https:\/\/unionenergy.co.mz\/\/?page_id=202"},"modified":"2021-05-27T15:38:45","modified_gmt":"2021-05-27T15:38:45","slug":"social-responsibility","status":"publish","type":"page","link":"https:\/\/unionenergy.co.mz\/pt\/about-company\/social-responsibility\/","title":{"rendered":"Responsabilidade Social"},"content":{"rendered":"<div class=\"wpb-content-wrapper\"><p>[vc_row][vc_column][vc_single_image image=&#8221;1725&#8243; img_size=&#8221;1000&#215;400&#8243; alignment=&#8221;center&#8221;][vc_empty_space height=&#8221;50px&#8221;][vc_row_inner][vc_column_inner width=&#8221;1\/3&#8243;][vc_custom_heading text=&#8221;A Nossa Responsabilidade Social&#8221; font_container=&#8221;tag:h3|text_align:left&#8221; use_theme_fonts=&#8221;yes&#8221;][vc_empty_space height=&#8221;20px&#8221;][\/vc_column_inner][vc_column_inner width=&#8221;2\/3&#8243;][vc_column_text]Faremos o poss\u00edvel para criar um ambiente de trabalho e ambiente limpos, seguros e saud\u00e1veis. Todos os aspectos do nosso neg\u00f3cio s\u00e3o administrados de maneira segura e ambientalmente respons\u00e1vel, de acordo com os requisitos legais.[\/vc_column_text][vc_empty_space height=&#8221;50px&#8221;][\/vc_column_inner][\/vc_row_inner][\/vc_column][\/vc_row][vc_row][vc_column][vc_row_inner][vc_column_inner width=&#8221;1\/3&#8243;]<div class=\"iconbox aligncenter hover  vc_custom_1622129844076\">\n\t<div class=\"box-header\">\n\t\t<div class=\"box-icon\"><i class=\"entypo-icon entypo-icon-archive\"><\/i><\/div>\n\t\t<h3 class=\"box-title\">Educa\u00e7\u00e3o<\/h3>\n\t<\/div>\n\t<div class=\"box-content\">\n\t\t<div class=\"box-detail\">\n\t\t\t\n\t\t\t\n\t\t<\/div>\n\t<\/div>\n<\/div>[vc_empty_space height=&#8221;30px&#8221;][\/vc_column_inner][vc_column_inner width=&#8221;1\/3&#8243;]<div class=\"iconbox aligncenter hover  vc_custom_1622129857477\">\n\t<div class=\"box-header\">\n\t\t<div class=\"box-icon\"><i class=\"entypo-icon entypo-icon-feather\"><\/i><\/div>\n\t\t<h3 class=\"box-title\">AMBIENTE<\/h3>\n\t<\/div>\n\t<div class=\"box-content\">\n\t\t<div class=\"box-detail\">\n\t\t\t\n\t\t\t\n\t\t<\/div>\n\t<\/div>\n<\/div>[vc_empty_space height=&#8221;30px&#8221;][\/vc_column_inner][vc_column_inner width=&#8221;1\/3&#8243;]<div class=\"iconbox aligncenter hover  vc_custom_1622129869621\">\n\t<div class=\"box-header\">\n\t\t<div class=\"box-icon\"><i class=\"entypo-icon entypo-icon-users\"><\/i><\/div>\n\t\t<h3 class=\"box-title\">COMUNIDADE<\/h3>\n\t<\/div>\n\t<div class=\"box-content\">\n\t\t<div class=\"box-detail\">\n\t\t\t\n\t\t\t\n\t\t<\/div>\n\t<\/div>\n<\/div>[vc_empty_space height=&#8221;30px&#8221;][\/vc_column_inner][\/vc_row_inner][\/vc_column][\/vc_row]<\/p>\n<\/div>","protected":false},"excerpt":{"rendered":"<p>[vc_row][vc_column][vc_single_image image=&#8221;1725&#8243; img_size=&#8221;1000&#215;400&#8243; alignment=&#8221;center&#8221;][vc_empty_space height=&#8221;50px&#8221;][vc_row_inner][vc_column_inner width=&#8221;1\/3&#8243;][vc_custom_heading text=&#8221;A Nossa Responsabilidade Social&#8221; font_container=&#8221;tag:h3|text_align:left&#8221; use_theme_fonts=&#8221;yes&#8221;][vc_empty_space height=&#8221;20px&#8221;][\/vc_column_inner][vc_column_inner width=&#8221;2\/3&#8243;][vc_column_text]Faremos o poss\u00edvel para criar um ambiente de trabalho e ambiente limpos, seguros e saud\u00e1veis. Todos os aspectos do nosso neg\u00f3cio s\u00e3o administrados de maneira segura e ambientalmente respons\u00e1vel, de acordo com os requisitos legais.[\/vc_column_text][vc_empty_space height=&#8221;50px&#8221;][\/vc_column_inner][\/vc_row_inner][\/vc_column][\/vc_row][vc_row][vc_column][vc_row_inner][vc_column_inner width=&#8221;1\/3&#8243;][vc_empty_space height=&#8221;30px&#8221;][\/vc_column_inner][vc_column_inner width=&#8221;1\/3&#8243;][vc_empty_space height=&#8221;30px&#8221;][\/vc_column_inner][vc_column_inner width=&#8221;1\/3&#8243;][vc_empty_space height=&#8221;30px&#8221;][\/vc_column_inner][\/vc_row_inner][\/vc_column][\/vc_row]<\/p>\n","protected":false},"author":1,"featured_media":0,"parent":2,"menu_order":0,"comment_status":"closed","ping_status":"closed","template":"","meta":{"footnotes":""},"class_list":["post-202","page","type-page","status-publish","hentry"],"_links":{"self":[{"href":"https:\/\/unionenergy.co.mz\/pt\/wp-json\/wp\/v2\/pages\/202","targetHints":{"allow":["GET"]}}],"collection":[{"href":"https:\/\/unionenergy.co.mz\/pt\/wp-json\/wp\/v2\/pages"}],"about":[{"href":"https:\/\/unionenergy.co.mz\/pt\/wp-json\/wp\/v2\/types\/page"}],"author":[{"embeddable":true,"href":"https:\/\/unionenergy.co.mz\/pt\/wp-json\/wp\/v2\/users\/1"}],"replies":[{"embeddable":true,"href":"https:\/\/unionenergy.co.mz\/pt\/wp-json\/wp\/v2\/comments?post=202"}],"version-history":[{"count":5,"href":"https:\/\/unionenergy.co.mz\/pt\/wp-json\/wp\/v2\/pages\/202\/revisions"}],"predecessor-version":[{"id":2369,"href":"https:\/\/unionenergy.co.mz\/pt\/wp-json\/wp\/v2\/pages\/202\/revisions\/2369"}],"up":[{"embeddable":true,"href":"https:\/\/unionenergy.co.mz\/pt\/wp-json\/wp\/v2\/pages\/2"}],"wp:attachment":[{"href":"https:\/\/unionenergy.co.mz\/pt\/wp-json\/wp\/v2\/media?parent=202"}],"curies":[{"name":"wp","href":"https:\/\/api.w.org\/{rel}","templated":true}]}}