{"id":7,"date":"2021-05-27T08:26:13","date_gmt":"2021-05-27T08:26:13","guid":{"rendered":"https:\/\/unionenergy.co.mz\/\/?page_id=7"},"modified":"2021-06-17T13:41:38","modified_gmt":"2021-06-17T13:41:38","slug":"home","status":"publish","type":"page","link":"https:\/\/unionenergy.co.mz\/pt\/","title":{"rendered":"In\u00edcio"},"content":{"rendered":"<div class=\"wpb-content-wrapper\"><p>[vc_row full_width=&#8221;stretch_row_content_no_spaces&#8221;][vc_column][vc_row_inner][vc_column_inner offset=&#8221;vc_hidden-sm vc_hidden-xs&#8221;][vc_empty_space height=&#8221;50px&#8221;][\/vc_column_inner][\/vc_row_inner][vc_row_inner][vc_column_inner]\n\t\t\t<div class=\"scrollslider\">\n\t\t\t<div class=\"swiper-container\" data-swiper=\"{&quot;pagination&quot;:&quot;.swiper-pagination&quot;,&quot;direction&quot;:&quot;vertical&quot;,&quot;slidesPerView&quot;:1,&quot;paginationClickable&quot;:true,&quot;spaceBetween&quot;:0,&quot;mousewheelControl&quot;:true,&quot;mousewheelReleaseOnEdges&quot;:true}\">\n\t\t\t\t<div class=\"swiper-wrapper\">\n\t\t\t\t\t\n<div class=\"swiper-slide\" style=\"background-image: url( https:\/\/unionenergy.co.mz\/wp-content\/uploads\/2021\/06\/slider-1.jpg )\">\n\t<div class=\"wrap\">\n\t\t<div class=\"slide-container\">\n\t\t\t\n\t\t\t\t\t\t\t<div class=\"slide-content\">\n\t\t\t\t\t<\/p>\n<h2 class=\"no-margin-top text-intro-header\" style=\"font-size: 3rem;font-weight: 300\"><span style=\"color: #ffffff\">Fornecemos servi\u00e7os de<strong> Energia <\/strong>que mant\u00eam-lo em<strong> Movimento.<\/strong><\/span><\/h2>\n<p class=\"text-left\"><a class=\"button white\" href=\"https:\/\/unionenergy.co.mz\/about-company\/\">Saiba Mais<\/a><\/p>\n<p>\t\t\t\t<\/div>\n\t\t\t\n\t\t\t\t\t<\/div>\n\t<\/div>\n<\/div>\n\n<div class=\"swiper-slide\" style=\"background-image: url( https:\/\/unionenergy.co.mz\/wp-content\/uploads\/2021\/05\/liquid-chemical-tank-terminal-storage-liquid-chemical-petrochemical-products-tank-1.jpg )\">\n\t<div class=\"wrap\">\n\t\t<div class=\"slide-container\">\n\t\t\t\n\t\t\t\t\t\t\t<div class=\"slide-content\">\n\t\t\t\t\t<\/p>\n<h2 class=\"no-margin-top text-intro-header\" style=\"font-size: 3rem;font-weight: 300\"><span style=\"color: #ffffff\">Fornecemos <strong>Combust\u00edvel<\/strong> que agrega <strong> Valor.<\/strong><\/span><\/h2>\n<p class=\"text-left\"><a class=\"button white\" href=\"https:\/\/unionenergy.co.mz\/products\/\">Nossos Produtos<\/a><\/p>\n<p>\t\t\t\t<\/div>\n\t\t\t\n\t\t\t\t\t<\/div>\n\t<\/div>\n<\/div>\n\n<div class=\"swiper-slide\" style=\"background-image: url( https:\/\/unionenergy.co.mz\/wp-content\/uploads\/2021\/05\/img000104-380-20181024-103353.jpg )\">\n\t<div class=\"wrap\">\n\t\t<div class=\"slide-container\">\n\t\t\t\n\t\t\t\t\t\t\t<div class=\"slide-content\">\n\t\t\t\t\t<\/p>\n<h2 class=\"no-margin-top text-intro-header\" style=\"font-size: 3rem;font-weight: 300\"><span style=\"color: #ffffff\">N\u00f3s chegamos <strong>Onde <\/strong>somos<strong> Precisados.<\/strong><\/span><\/h2>\n<p class=\"text-left\"><a class=\"button white\" href=\"https:\/\/unionenergy.co.mz\/our-services\/\">Nossos Servi\u00e7os<\/a><\/p>\n<p>\t\t\t\t<\/div>\n\t\t\t\n\t\t\t\t\t<\/div>\n\t<\/div>\n<\/div>\n\t\t\t\t<\/div>\n\t\t\t\t<div class=\"swiper-pagination\"><\/div>\n\t\t\t<\/div>\n\t\t<\/div>\n\t[\/vc_column_inner][\/vc_row_inner][\/vc_column][\/vc_row][vc_row full_width=&#8221;stretch_row&#8221; css=&#8221;.vc_custom_1620446617333{background-image: url(https:\/\/unionenergy.co.mz\/wp-content\/uploads\/2017\/09\/bg-industries.png?id=82) !important;}&#8221;][vc_column][vc_row_inner content_placement=&#8221;top&#8221; css=&#8221;.vc_custom_1620442136865{padding-top: 80px !important;padding-bottom: 60px !important;}&#8221;][vc_column_inner width=&#8221;1\/3&#8243;][vc_custom_heading text=&#8221;NOSSOS SERVI\u00c7OS&#8221; use_theme_fonts=&#8221;yes&#8221;][vc_empty_space height=&#8221;20px&#8221;][\/vc_column_inner][vc_column_inner width=&#8221;2\/3&#8243;][vc_column_text]A Union Energy fornece combust\u00edvel de qualidade e investe em infraestrutura transformadora. Por meio de nossas ricas experi\u00eancias, em opera\u00e7\u00f5es, nosso objetivo \u00e9 fornecer combust\u00edveis de alta qualidade em todo o sul da \u00c1frica com seguran\u00e7a, rapidez, confiabilidade e pre\u00e7os competitivos.[\/vc_column_text][\/vc_column_inner][\/vc_row_inner][vc_row_inner css=&#8221;.vc_custom_1620442208748{padding-bottom: 60px !important;}&#8221;][vc_column_inner width=&#8221;1\/3&#8243;]\n<!-- BEGIN .imagebox -->\n<div class=\"imagebox   vc_custom_1622821482699\">\n\t\n\t\t<div class=\"box-header\">\n\t\t\t<h3 class=\"box-title\">\n\t\t\t\t<a href=\"https:\/\/unionenergy.co.mz\/our-services\/\" target=\"_self\">\n\t\t\t\t\tImporta\u00e7\u00e3o de Combust\u00edvel e Bitumen\t\t\t\t<\/a>\n\t\t\t<\/h3>\n\n\t\t\t\t\t<\/div>\n\n\t\t<div class=\"box-content\"><p>Importa\u00e7\u00e3o de Diesel, Gasolina, Lubrificantes e Betume. Atendendo a consumidores finais de diversos portes e setores da economia.<\/p>\n<\/div>\n\n\t\t<div class=\"box-image\">\n\t\t\t<a href=\"https:\/\/unionenergy.co.mz\/our-services\/\" target=\"_self\">\n\t\t\t\t\t\t\t\t\t<div class=\"box-button button\">\t\n\t\t\t\t\t\t<span>Saiba Mais<\/span><i class=\"ion-log-in\"><\/i>\n\t\t\t\t\t<\/div>\n\t\t\t\t\n\t\t\t\t<img decoding=\"async\" class=\"\" src=\"https:\/\/unionenergy.co.mz\/wp-content\/uploads\/2021\/05\/services-05.jpg\" width=\"800\" height=\"350\" alt=\"services-05\" title=\"services-05\" loading=\"lazy\" \/>\t\t\t<\/a>\n\t\t<\/div>\n\t<\/div>\n<!-- End .imagebox -->\n[vc_empty_space height=&#8221;30px&#8221;][\/vc_column_inner][vc_column_inner width=&#8221;1\/3&#8243;]\n<!-- BEGIN .imagebox -->\n<div class=\"imagebox   vc_custom_1622821515008\">\n\t\n\t\t<div class=\"box-header\">\n\t\t\t<h3 class=\"box-title\">\n\t\t\t\t<a href=\"https:\/\/unionenergy.co.mz\/our-services\/\" target=\"_self\">\n\t\t\t\t\tDistribui\u00e7\u00e3o de Combust\u00edvel\t\t\t\t<\/a>\n\t\t\t<\/h3>\n\n\t\t\t\t\t<\/div>\n\n\t\t<div class=\"box-content\"><p>Somos fornecedores privilegiados para mais de 100 consumidores finais, com destaque para minera\u00e7\u00e3o, pesca, agricultura e ind\u00fastria de transportes.<\/p>\n<\/div>\n\n\t\t<div class=\"box-image\">\n\t\t\t<a href=\"https:\/\/unionenergy.co.mz\/our-services\/\" target=\"_self\">\n\t\t\t\t\t\t\t\t\t<div class=\"box-button button\">\t\n\t\t\t\t\t\t<span>Saiba Mais<\/span><i class=\"ion-log-in\"><\/i>\n\t\t\t\t\t<\/div>\n\t\t\t\t\n\t\t\t\t<img decoding=\"async\" class=\"\" src=\"https:\/\/unionenergy.co.mz\/wp-content\/uploads\/2021\/05\/services-02.jpg\" width=\"800\" height=\"350\" alt=\"services-02\" title=\"services-02\" loading=\"lazy\" \/>\t\t\t<\/a>\n\t\t<\/div>\n\t<\/div>\n<!-- End .imagebox -->\n[vc_empty_space height=&#8221;30px&#8221;][\/vc_column_inner][vc_column_inner width=&#8221;1\/3&#8243;]\n<!-- BEGIN .imagebox -->\n<div class=\"imagebox   vc_custom_1622821549084\">\n\t\n\t\t<div class=\"box-header\">\n\t\t\t<h3 class=\"box-title\">\n\t\t\t\t<a href=\"https:\/\/unionenergy.co.mz\/our-services\/\" target=\"_self\">\n\t\t\t\t\tArmazenamento de Combust\u00edvel\t\t\t\t<\/a>\n\t\t\t<\/h3>\n\n\t\t\t\t\t<\/div>\n\n\t\t<div class=\"box-content\"><p>Na Union Energy temos a capacidade de armazenamento e distribui\u00e7\u00e3o em Maputo, Beira e Nacala, cobrindo todas regi\u00f5es do pa\u00eds.<\/p>\n<\/div>\n\n\t\t<div class=\"box-image\">\n\t\t\t<a href=\"https:\/\/unionenergy.co.mz\/our-services\/\" target=\"_self\">\n\t\t\t\t\t\t\t\t\t<div class=\"box-button button\">\t\n\t\t\t\t\t\t<span>Saiba Mais<\/span><i class=\"ion-log-in\"><\/i>\n\t\t\t\t\t<\/div>\n\t\t\t\t\n\t\t\t\t<img decoding=\"async\" class=\"\" src=\"https:\/\/unionenergy.co.mz\/wp-content\/uploads\/2021\/05\/services-03.jpg\" width=\"800\" height=\"350\" alt=\"services-03\" title=\"services-03\" loading=\"lazy\" \/>\t\t\t<\/a>\n\t\t<\/div>\n\t<\/div>\n<!-- End .imagebox -->\n[vc_empty_space height=&#8221;30px&#8221;][\/vc_column_inner][\/vc_row_inner][\/vc_column][\/vc_row][vc_row full_width=&#8221;stretch_row&#8221; css=&#8221;.vc_custom_1621550548597{padding-top: 80px !important;padding-bottom: 210px !important;background: #020620 url(https:\/\/unionenergy.co.mz\/wp-content\/uploads\/2021\/05\/bg-about_03-1.png?id=2139) !important;background-position: center !important;background-repeat: no-repeat !important;background-size: cover !important;}&#8221;][vc_column offset=&#8221;vc_col-md-8&#8243;][vc_row_inner][vc_column_inner width=&#8221;3\/4&#8243;][vc_column_text]<\/p>\n<h3 class=\"text-intro no-margin-top\"><span style=\"color: #8d8ea3;\">A nossa Miss\u00e3o \u00e9 de fazer uma <strong style=\"color: #fff;\">Diferen\u00e7a <\/strong> a<strong style=\"color: #fff;\"> Longo Prazo<\/strong> na nossa<strong style=\"color: #fff;\"> Ind\u00fastria<\/strong><\/span><\/h3>\n<p>[\/vc_column_text][vc_empty_space height=&#8221;20px&#8221;][\/vc_column_inner][vc_column_inner width=&#8221;1\/4&#8243;][\/vc_column_inner][\/vc_row_inner][\/vc_column][vc_column offset=&#8221;vc_col-md-4&#8243;][vc_column_text]<span class=\"large-text\" style=\"color: #8d8ea3;\">Focamos em mercados de r\u00e1pido crescimento com alta demanda por derivados de petr\u00f3leo. As principais atividades comerciais da Union Energy s\u00e3o a opera\u00e7\u00e3o de instala\u00e7\u00f5es de armazenamento e varejo, e a venda e distribui\u00e7\u00e3o de produtos petrol\u00edferos.<\/span>[\/vc_column_text][vc_empty_space height=&#8221;30px&#8221;][vc_column_text]<a class=\"box-readmore\" href=\"https:\/\/unionenergy.co.mz\/\/about-company\/\">Saiba Mais <\/a>[\/vc_column_text][\/vc_column][\/vc_row][vc_row full_width=&#8221;stretch_row&#8221; equal_height=&#8221;yes&#8221; css=&#8221;.vc_custom_1620331657787{margin-top: -159px !important;}&#8221;][vc_column width=&#8221;1\/2&#8243; offset=&#8221;vc_col-md-3&#8243;]<div class=\"iconbox aligncenter  vc_custom_1622822347452\">\n\t<div class=\"box-header\">\n\t\t<div class=\"box-icon\"><i class=\"entypo-icon entypo-icon-home\"><\/i><\/div>\n\t\t<h4 class=\"box-title\">Saiba mas sobre a empresa<\/h4>\n\t<\/div>\n\t<div class=\"box-content\">\n\t\t<div class=\"box-detail\">\n\t\t\t<p>A Union Energy \u00e9 uma empresa de energia petrol\u00edfera que se concentra em mercados em r\u00e1pido crescimento, a procura de produtos petrol\u00edferos.<\/p>\n\n\t\t\t\n\t\t<p class=\"box-readmore\">\n\t\t\t<a href=\"https:\/\/unionenergy.co.mz\/about-company\/\">Sobre-nos<\/a>\n\t\t<\/p>\n\t\t<\/div>\n\t<\/div>\n<\/div>[vc_empty_space height=&#8221;30px&#8221;][\/vc_column][vc_column width=&#8221;1\/2&#8243; offset=&#8221;vc_col-md-3&#8243;]<div class=\"iconbox aligncenter  vc_custom_1622821916569\">\n\t<div class=\"box-header\">\n\t\t<div class=\"box-icon\"><i class=\"entypo-icon entypo-icon-flag\"><\/i><\/div>\n\t\t<h4 class=\"box-title\">MISS\u00c3O, VIS\u00c3O &amp; VALORES<\/h4>\n\t<\/div>\n\t<div class=\"box-content\">\n\t\t<div class=\"box-detail\">\n\t\t\t<p>A nossa estrat\u00e9gia \u00e9 operar os nossos ativos de forma segura e eficiente. Estamos altamente conscientes e mantemos uma inclina\u00e7\u00e3o.<\/p>\n\n\t\t\t\n\t\t<p class=\"box-readmore\">\n\t\t\t<a href=\"https:\/\/unionenergy.co.mz\/about-company\/mission-values\/\">Saiba Mais<\/a>\n\t\t<\/p>\n\t\t<\/div>\n\t<\/div>\n<\/div>[vc_empty_space height=&#8221;30px&#8221;][\/vc_column][vc_column width=&#8221;1\/2&#8243; offset=&#8221;vc_col-md-3&#8243;]<div class=\"iconbox aligncenter  vc_custom_1622821946255\">\n\t<div class=\"box-header\">\n\t\t<div class=\"box-icon\"><i class=\"entypo-icon entypo-icon-thumbs-up\"><\/i><\/div>\n\t\t<h4 class=\"box-title\">RESPONSABILIDADE SOCIAL<\/h4>\n\t<\/div>\n\t<div class=\"box-content\">\n\t\t<div class=\"box-detail\">\n\t\t\t<p>Procuramos criar um local de trabalho limpo, seguro e saud\u00e1vel. Todos os aspetos do nosso neg\u00f3cio s\u00e3o geridos num ambiente seguro.<\/p>\n\n\t\t\t\n\t\t<p class=\"box-readmore\">\n\t\t\t<a href=\"https:\/\/unionenergy.co.mz\/about-company\/social-responsibility\/\">Saiba Mais<\/a>\n\t\t<\/p>\n\t\t<\/div>\n\t<\/div>\n<\/div>[vc_empty_space height=&#8221;30px&#8221;][\/vc_column][vc_column width=&#8221;1\/2&#8243; offset=&#8221;vc_col-md-3&#8243;]<div class=\"iconbox aligncenter  vc_custom_1622822355053\">\n\t<div class=\"box-header\">\n\t\t<div class=\"box-icon\"><i class=\"entypo-icon entypo-icon-users\"><\/i><\/div>\n\t\t<h4 class=\"box-title\">Entre em Contato Connosco<\/h4>\n\t<\/div>\n\t<div class=\"box-content\">\n\t\t<div class=\"box-detail\">\n\t\t\t<p>A nossa equipa est\u00e1 aqui para ajud\u00e1-lo com qualquer inqu\u00e9rito que possa ter, incluindo vendas, atendimento ao cliente e inqu\u00e9ritos gerais.<\/p>\n\n\t\t\t\n\t\t<p class=\"box-readmore\">\n\t\t\t<a href=\"https:\/\/unionenergy.co.mz\/contact-us\/\">Contacte-nos<\/a>\n\t\t<\/p>\n\t\t<\/div>\n\t<\/div>\n<\/div>[vc_empty_space height=&#8221;30px&#8221;][\/vc_column][vc_column][vc_empty_space height=&#8221;50px&#8221;][\/vc_column][\/vc_row]<\/p>\n<\/div>","protected":false},"excerpt":{"rendered":"<p>[vc_row full_width=&#8221;stretch_row_content_no_spaces&#8221;][vc_column][vc_row_inner][vc_column_inner offset=&#8221;vc_hidden-sm vc_hidden-xs&#8221;][vc_empty_space height=&#8221;50px&#8221;][\/vc_column_inner][\/vc_row_inner][vc_row_inner][vc_column_inner][\/vc_column_inner][\/vc_row_inner][\/vc_column][\/vc_row][vc_row full_width=&#8221;stretch_row&#8221; css=&#8221;.vc_custom_1620446617333{background-image: url(https:\/\/unionenergy.co.mz\/wp-content\/uploads\/2017\/09\/bg-industries.png?id=82) !important;}&#8221;][vc_column][vc_row_inner content_placement=&#8221;top&#8221; css=&#8221;.vc_custom_1620442136865{padding-top: 80px !important;padding-bottom: 60px !important;}&#8221;][vc_column_inner width=&#8221;1\/3&#8243;][vc_custom_heading text=&#8221;NOSSOS SERVI\u00c7OS&#8221; use_theme_fonts=&#8221;yes&#8221;][vc_empty_space height=&#8221;20px&#8221;][\/vc_column_inner][vc_column_inner width=&#8221;2\/3&#8243;][vc_column_text]A Union Energy fornece combust\u00edvel de qualidade e investe em infraestrutura transformadora. Por meio de nossas ricas experi\u00eancias, em opera\u00e7\u00f5es, nosso objetivo \u00e9 fornecer combust\u00edveis de alta qualidade em todo o sul da \u00c1frica com [&hellip;]<\/p>\n","protected":false},"author":1,"featured_media":0,"parent":0,"menu_order":0,"comment_status":"closed","ping_status":"closed","template":"","meta":{"footnotes":""},"class_list":["post-7","page","type-page","status-publish","hentry"],"_links":{"self":[{"href":"https:\/\/unionenergy.co.mz\/pt\/wp-json\/wp\/v2\/pages\/7","targetHints":{"allow":["GET"]}}],"collection":[{"href":"https:\/\/unionenergy.co.mz\/pt\/wp-json\/wp\/v2\/pages"}],"about":[{"href":"https:\/\/unionenergy.co.mz\/pt\/wp-json\/wp\/v2\/types\/page"}],"author":[{"embeddable":true,"href":"https:\/\/unionenergy.co.mz\/pt\/wp-json\/wp\/v2\/users\/1"}],"replies":[{"embeddable":true,"href":"https:\/\/unionenergy.co.mz\/pt\/wp-json\/wp\/v2\/comments?post=7"}],"version-history":[{"count":5,"href":"https:\/\/unionenergy.co.mz\/pt\/wp-json\/wp\/v2\/pages\/7\/revisions"}],"predecessor-version":[{"id":2484,"href":"https:\/\/unionenergy.co.mz\/pt\/wp-json\/wp\/v2\/pages\/7\/revisions\/2484"}],"wp:attachment":[{"href":"https:\/\/unionenergy.co.mz\/pt\/wp-json\/wp\/v2\/media?parent=7"}],"curies":[{"name":"wp","href":"https:\/\/api.w.org\/{rel}","templated":true}]}}