{"id":2032,"date":"2021-05-09T19:10:53","date_gmt":"2021-05-09T19:10:53","guid":{"rendered":"https:\/\/unionenergy.co.mz\/?post_type=product&#038;p=2032"},"modified":"2021-06-04T20:22:48","modified_gmt":"2021-06-04T20:22:48","slug":"xd-8000","status":"publish","type":"product","link":"https:\/\/unionenergy.co.mz\/pt\/product\/xd-8000\/","title":{"rendered":"Union XD 8000"},"content":{"rendered":"<div class=\"wpb-content-wrapper\"><p>[vc_row content_placement=&#8221;top&#8221; css=&#8221;.vc_custom_1621561263178{margin-top: 40px !important;margin-bottom: 50px !important;}&#8221;][vc_column width=&#8221;1\/4&#8243;][vc_custom_heading text=&#8221;ATENDER AOS REQUISITOS<br \/>\n&#8221; font_container=&#8221;tag:h4|text_align:left&#8221; use_theme_fonts=&#8221;yes&#8221;][vc_empty_space height=&#8221;12px&#8221;][\/vc_column][vc_column width=&#8221;3\/4&#8243;][vc_row_inner][vc_column_inner][vc_column_text]<strong>ESPECIFICA\u00c7\u00d5ES DE REQUISITOS<\/strong><\/p>\n<p>ACEA E1-96#2, E2-96#5, Allison C-3, C-4, MIL-L-2014C, Kolomna M-14D2, MAN 270, MB 228.0, 228.1, Caterpillar TO-2, MTU Type 1[\/vc_column_text][vc_empty_space][vc_custom_heading text=&#8221;PIST\u00c3O DO MOTOR&#8221; font_container=&#8221;tag:h5|text_align:center|color:%23dd3333&#8243; use_theme_fonts=&#8221;yes&#8221;][vc_single_image image=&#8221;2558&#8243; img_size=&#8221;large&#8221; alignment=&#8221;center&#8221;][\/vc_column_inner][\/vc_row_inner][\/vc_column][\/vc_row][vc_row content_placement=&#8221;top&#8221; css=&#8221;.vc_custom_1621560962123{margin-bottom: 50px !important;}&#8221;][vc_column width=&#8221;1\/4&#8243;][vc_custom_heading text=&#8221;CARACTER\u00cdSTICAS DO PRODUTO&#8221; font_container=&#8221;tag:h4|text_align:left&#8221; use_theme_fonts=&#8221;yes&#8221;][\/vc_column][vc_column width=&#8221;3\/4&#8243;][vc_row_inner][vc_column_inner width=&#8221;2\/3&#8243;][vc_column_text]<\/p>\n<ul>\n<li>Formula\u00e7\u00e3o Avan\u00e7ada com \u00d3leos Base Selecionados<\/li>\n<li>Reduz a emiss\u00e3o de carbono por motores pesados<\/li>\n<li>Evita o ac\u00famulo de fuligem e corros\u00e3o por ferrugem<\/li>\n<li>Otimize o controle t\u00e9rmico do motor e a efici\u00eancia do \u00f3leo<\/li>\n<\/ul>\n<p>[\/vc_column_text][\/vc_column_inner][vc_column_inner width=&#8221;1\/3&#8243;][vc_single_image image=&#8221;2183&#8243; img_size=&#8221;medium&#8221; alignment=&#8221;center&#8221;][\/vc_column_inner][\/vc_row_inner][\/vc_column][\/vc_row][vc_row content_placement=&#8221;top&#8221;][vc_column width=&#8221;1\/4&#8243;][vc_custom_heading text=&#8221;SAE VISCOSIDADE &amp; GRAU API&#8221; font_container=&#8221;tag:h4|text_align:left&#8221; use_theme_fonts=&#8221;yes&#8221;][\/vc_column][vc_column width=&#8221;3\/4&#8243;][vc_row_inner][vc_column_inner width=&#8221;2\/3&#8243;][vc_column_text]<\/p>\n<table>\n<tbody>\n<tr>\n<th style=\"text-align: left;\"><strong>Grau do Produto<\/strong><\/th>\n<th style=\"text-align: center;\"><strong>XD\u00a0 8000<\/strong><\/th>\n<\/tr>\n<tr>\n<td style=\"text-align: left;\"><strong>Grau SAE<\/strong><\/td>\n<td style=\"text-align: center;\">10W-30<br \/>\n15W-40<br \/>\n20W-50<br \/>\nSAE 30\/40\/50<\/td>\n<\/tr>\n<tr>\n<td style=\"text-align: left;\"><strong>Grau API<\/strong><\/td>\n<td style=\"text-align: center;\">CF-4\/SG<\/td>\n<\/tr>\n<\/tbody>\n<\/table>\n<p>[\/vc_column_text][\/vc_column_inner][vc_column_inner width=&#8221;1\/3&#8243;][vc_single_image image=&#8221;2181&#8243; img_size=&#8221;full&#8221; add_caption=&#8221;yes&#8221;][\/vc_column_inner][\/vc_row_inner][\/vc_column][\/vc_row]<\/p>\n<\/div>","protected":false},"excerpt":{"rendered":"<p>A linha da s\u00e9rie <strong>Union XD<\/strong> \u00e9 bem formulada com \u00f3leos b\u00e1sicos selecionados usando pacotes de aditivos de n\u00facleo de alta tecnologia para alcan\u00e7ar efici\u00eancia de combust\u00edvel, capacidade de drenagem estendida e prote\u00e7\u00e3o m\u00e1xima do motor.<\/p>\n","protected":false},"featured_media":2016,"template":"","meta":[],"product_brand":[],"product_cat":[108],"product_tag":[],"class_list":{"0":"post-2032","1":"product","2":"type-product","3":"status-publish","4":"has-post-thumbnail","6":"product_cat-lubricants","8":"first","9":"instock","10":"shipping-taxable","11":"product-type-simple"},"_links":{"self":[{"href":"https:\/\/unionenergy.co.mz\/pt\/wp-json\/wp\/v2\/product\/2032","targetHints":{"allow":["GET"]}}],"collection":[{"href":"https:\/\/unionenergy.co.mz\/pt\/wp-json\/wp\/v2\/product"}],"about":[{"href":"https:\/\/unionenergy.co.mz\/pt\/wp-json\/wp\/v2\/types\/product"}],"wp:featuredmedia":[{"embeddable":true,"href":"https:\/\/unionenergy.co.mz\/pt\/wp-json\/wp\/v2\/media\/2016"}],"wp:attachment":[{"href":"https:\/\/unionenergy.co.mz\/pt\/wp-json\/wp\/v2\/media?parent=2032"}],"wp:term":[{"taxonomy":"product_brand","embeddable":true,"href":"https:\/\/unionenergy.co.mz\/pt\/wp-json\/wp\/v2\/product_brand?post=2032"},{"taxonomy":"product_cat","embeddable":true,"href":"https:\/\/unionenergy.co.mz\/pt\/wp-json\/wp\/v2\/product_cat?post=2032"},{"taxonomy":"product_tag","embeddable":true,"href":"https:\/\/unionenergy.co.mz\/pt\/wp-json\/wp\/v2\/product_tag?post=2032"}],"curies":[{"name":"wp","href":"https:\/\/api.w.org\/{rel}","templated":true}]}}