{"id":2035,"date":"2021-05-09T19:23:26","date_gmt":"2021-05-09T19:23:26","guid":{"rendered":"https:\/\/unionenergy.co.mz\/?post_type=product&#038;p=2035"},"modified":"2021-06-04T18:33:02","modified_gmt":"2021-06-04T18:33:02","slug":"hydro-800","status":"publish","type":"product","link":"https:\/\/unionenergy.co.mz\/pt\/product\/hydro-800\/","title":{"rendered":"Union Hydro 800"},"content":{"rendered":"<div class=\"wpb-content-wrapper\"><p>[vc_row content_placement=&#8221;top&#8221; css=&#8221;.vc_custom_1621561263178{margin-top: 40px !important;margin-bottom: 50px !important;}&#8221;][vc_column width=&#8221;1\/4&#8243;][vc_custom_heading text=&#8221;ATENDER AOS REQUISITOS&#8221; font_container=&#8221;tag:h4|text_align:left&#8221; use_theme_fonts=&#8221;yes&#8221;][vc_empty_space height=&#8221;12px&#8221;][\/vc_column][vc_column width=&#8221;3\/4&#8243;][vc_row_inner][vc_column_inner width=&#8221;1\/2&#8243;][vc_column_text]<strong>ESPECIFICA\u00c7\u00d5ES DE REQUISITOS<\/strong><\/p>\n<p>Allison C4 MB 228.31, ACEA E7,E9-08, Cummins CES 20081, Volvo VDS-4, Caterpillar EC-3, RVI RDL-3 , Man M3275, Mack EO-M Plus, MTU Cat 2, Detroit Diesel DDC 93K218, 93K215[\/vc_column_text][vc_empty_space][\/vc_column_inner][vc_column_inner width=&#8221;1\/2&#8243;][vc_custom_heading text=&#8221;TESTE DE SOOT DE \u00d3LEO DE BASE&#8221; font_container=&#8221;tag:h5|text_align:center|color:%23dd3333&#8243; use_theme_fonts=&#8221;yes&#8221;][vc_single_image image=&#8221;2522&#8243; img_size=&#8221;large&#8221; alignment=&#8221;center&#8221; onclick=&#8221;link_image&#8221;][\/vc_column_inner][\/vc_row_inner][\/vc_column][\/vc_row][vc_row content_placement=&#8221;top&#8221; css=&#8221;.vc_custom_1621560962123{margin-bottom: 50px !important;}&#8221;][vc_column width=&#8221;1\/4&#8243;][vc_custom_heading text=&#8221;CARACTER\u00cdSTICAS DO PRODUTO&#8221; font_container=&#8221;tag:h4|text_align:left&#8221; use_theme_fonts=&#8221;yes&#8221;][\/vc_column][vc_column width=&#8221;3\/4&#8243;][vc_row_inner][vc_column_inner width=&#8221;2\/3&#8243;][vc_column_text]<\/p>\n<ul>\n<li>Formulado com \u00f3leos de base avan\u00e7ados do Grupo 2<\/li>\n<li>Projetado para reduzir a emiss\u00e3o de pesados<\/li>\n<li>Prote\u00e7\u00e3o Mono e Multigraduada de Motor Personalizada<\/li>\n<li>Bom controle t\u00e9rmico do motor e consumo de \u00f3leo<\/li>\n<\/ul>\n<p>[\/vc_column_text][\/vc_column_inner][vc_column_inner width=&#8221;1\/3&#8243;][vc_single_image image=&#8221;2178&#8243;][\/vc_column_inner][\/vc_row_inner][\/vc_column][\/vc_row][vc_row content_placement=&#8221;top&#8221;][vc_column width=&#8221;1\/4&#8243;][vc_custom_heading text=&#8221;SAE VISCOSIDADE &amp; GRAU API&#8221; font_container=&#8221;tag:h4|text_align:left&#8221; use_theme_fonts=&#8221;yes&#8221;][\/vc_column][vc_column width=&#8221;3\/4&#8243;][vc_row_inner][vc_column_inner width=&#8221;2\/3&#8243;][vc_column_text]<\/p>\n<table>\n<tbody>\n<tr>\n<th style=\"text-align: left;\">Grau do Produto<\/th>\n<th style=\"text-align: center;\"><strong>HYDRO 800<\/strong><\/th>\n<\/tr>\n<tr>\n<td style=\"text-align: left;\"><strong>Grau SAE<\/strong><\/td>\n<td style=\"text-align: center;\">10W-30<br \/>\n15W-40<\/td>\n<\/tr>\n<tr>\n<td style=\"text-align: left;\"><strong>Grau API<\/strong><\/td>\n<td style=\"text-align: center;\">CJ-4<\/td>\n<\/tr>\n<\/tbody>\n<\/table>\n<p>[\/vc_column_text][\/vc_column_inner][vc_column_inner width=&#8221;1\/3&#8243;][vc_single_image image=&#8221;2181&#8243; img_size=&#8221;full&#8221; add_caption=&#8221;yes&#8221;][\/vc_column_inner][\/vc_row_inner][\/vc_column][\/vc_row]<\/p>\n<\/div>","protected":false},"excerpt":{"rendered":"<p>A linha <strong>Union Hydro Series<\/strong> \u00e9 bem formulada com \u00f3leos b\u00e1sicos avan\u00e7ados do Grupo 2 com tecnologia de mistura avan\u00e7ada para obter baixas emiss\u00f5es, economia de combust\u00edvel e maior capacidade de drenagem<\/p>\n","protected":false},"featured_media":2010,"template":"","meta":[],"product_brand":[],"product_cat":[108],"product_tag":[],"class_list":{"0":"post-2035","1":"product","2":"type-product","3":"status-publish","4":"has-post-thumbnail","6":"product_cat-lubricants","8":"first","9":"instock","10":"shipping-taxable","11":"product-type-simple"},"_links":{"self":[{"href":"https:\/\/unionenergy.co.mz\/pt\/wp-json\/wp\/v2\/product\/2035","targetHints":{"allow":["GET"]}}],"collection":[{"href":"https:\/\/unionenergy.co.mz\/pt\/wp-json\/wp\/v2\/product"}],"about":[{"href":"https:\/\/unionenergy.co.mz\/pt\/wp-json\/wp\/v2\/types\/product"}],"wp:featuredmedia":[{"embeddable":true,"href":"https:\/\/unionenergy.co.mz\/pt\/wp-json\/wp\/v2\/media\/2010"}],"wp:attachment":[{"href":"https:\/\/unionenergy.co.mz\/pt\/wp-json\/wp\/v2\/media?parent=2035"}],"wp:term":[{"taxonomy":"product_brand","embeddable":true,"href":"https:\/\/unionenergy.co.mz\/pt\/wp-json\/wp\/v2\/product_brand?post=2035"},{"taxonomy":"product_cat","embeddable":true,"href":"https:\/\/unionenergy.co.mz\/pt\/wp-json\/wp\/v2\/product_cat?post=2035"},{"taxonomy":"product_tag","embeddable":true,"href":"https:\/\/unionenergy.co.mz\/pt\/wp-json\/wp\/v2\/product_tag?post=2035"}],"curies":[{"name":"wp","href":"https:\/\/api.w.org\/{rel}","templated":true}]}}