{"id":2037,"date":"2021-05-09T19:23:34","date_gmt":"2021-05-09T19:23:34","guid":{"rendered":"https:\/\/unionenergy.co.mz\/?post_type=product&#038;p=2037"},"modified":"2021-06-04T20:04:47","modified_gmt":"2021-06-04T20:04:47","slug":"platinum-xd","status":"publish","type":"product","link":"https:\/\/unionenergy.co.mz\/pt\/product\/platinum-xd\/","title":{"rendered":"Union Platinum XD"},"content":{"rendered":"<div class=\"wpb-content-wrapper\"><p>[vc_row content_placement=&#8221;top&#8221; css=&#8221;.vc_custom_1621561263178{margin-top: 40px !important;margin-bottom: 50px !important;}&#8221;][vc_column width=&#8221;1\/4&#8243;][vc_custom_heading text=&#8221;ATENDER AOS REQUISITOS&#8221; font_container=&#8221;tag:h4|text_align:left&#8221; use_theme_fonts=&#8221;yes&#8221;][vc_empty_space height=&#8221;12px&#8221;][\/vc_column][vc_column width=&#8221;3\/4&#8243;][vc_row_inner][vc_column_inner][vc_column_text]<strong>ESPECIFICA\u00c7\u00d5ES DE REQUISITOS<\/strong><\/p>\n<p>ACEA E7-12, E9-12, CAT ECF-3, Cummins CES 20081, 20086, 20087, Detroit Diesel DDC93K218, DDC93K222, DDC93K223, Deutz DQC 111-10LA , Ford WSS-M2C171-E, M2C171-F1, Mack E0-0 Premium Plus, EOS-4.5 , MAN 3575, MB 228.31, MTU 2.1, Renault VI RLD-3, RLD-4, Volvo VDS 4, 4.5[\/vc_column_text][vc_empty_space][vc_custom_heading text=&#8221;DECK DE VALOR DO MOTOR&#8221; font_container=&#8221;tag:h5|text_align:center|color:%23dd3333&#8243; use_theme_fonts=&#8221;yes&#8221;][vc_single_image image=&#8221;2556&#8243; img_size=&#8221;large&#8221; alignment=&#8221;center&#8221;][\/vc_column_inner][\/vc_row_inner][\/vc_column][\/vc_row][vc_row content_placement=&#8221;top&#8221; css=&#8221;.vc_custom_1621560962123{margin-bottom: 50px !important;}&#8221;][vc_column width=&#8221;1\/4&#8243;][vc_custom_heading text=&#8221;CARACTER\u00cdSTICAS DO PRODUTO&#8221; font_container=&#8221;tag:h4|text_align:left&#8221; use_theme_fonts=&#8221;yes&#8221;][\/vc_column][vc_column width=&#8221;3\/4&#8243;][vc_row_inner][vc_column_inner width=&#8221;2\/3&#8243;][vc_column_text]<\/p>\n<ul>\n<li>Atingindo as mais altas especifica\u00e7\u00f5es de API atualmente: API CK-4 \/ SN<\/li>\n<li>Usando os \u00f3leos b\u00e1sicos sint\u00e9ticos da mais alta qualidade<\/li>\n<li>Atender aos requisitos de emiss\u00e3o EURO V e VI<\/li>\n<li>Prote\u00e7\u00e3o ideal do motor e reduzida desgaste de componente<\/li>\n<\/ul>\n<p>[\/vc_column_text][\/vc_column_inner][vc_column_inner width=&#8221;1\/3&#8243;][vc_single_image image=&#8221;2169&#8243; img_size=&#8221;medium&#8221;][\/vc_column_inner][\/vc_row_inner][\/vc_column][\/vc_row][vc_row content_placement=&#8221;top&#8221;][vc_column width=&#8221;1\/4&#8243;][vc_custom_heading text=&#8221;SAE VISCOSIDADE &amp; GRAU API&#8221; font_container=&#8221;tag:h4|text_align:left&#8221; use_theme_fonts=&#8221;yes&#8221;][\/vc_column][vc_column width=&#8221;3\/4&#8243;][vc_row_inner][vc_column_inner width=&#8221;1\/2&#8243;][vc_column_text]<\/p>\n<table>\n<tbody>\n<tr>\n<th style=\"text-align: left;\"><strong>Grau do Produto<\/strong><\/th>\n<th style=\"text-align: center;\"><strong>Platinum XD<\/strong><\/th>\n<\/tr>\n<tr>\n<td style=\"text-align: left;\"><strong>Grau SAE<\/strong><\/td>\n<td style=\"text-align: center;\">10W-30<br \/>\n15W-40<\/td>\n<\/tr>\n<tr>\n<td style=\"text-align: left;\"><strong>Grau API<\/strong><\/td>\n<td style=\"text-align: center;\">CK-4\/SN, FA-4<\/td>\n<\/tr>\n<\/tbody>\n<\/table>\n<p>[\/vc_column_text][\/vc_column_inner][vc_column_inner width=&#8221;1\/2&#8243;][vc_single_image image=&#8221;2557&#8243; img_size=&#8221;medium&#8221; title=&#8221;Lubricant Viscosity&#8221;][\/vc_column_inner][\/vc_row_inner][\/vc_column][\/vc_row]<\/p>\n<\/div>","protected":false},"excerpt":{"rendered":"<p>A linha da s\u00e9rie <strong>Union Platinum<\/strong> usa \u00f3leos b\u00e1sicos totalmente sint\u00e9ticos de alta qualidade que t\u00eam \u00edndice de viscosidade naturalmente alto e estabilidade t\u00e9rmica superior para atender \u00e0s mais altas especifica\u00e7\u00f5es API.<\/p>\n","protected":false},"featured_media":2011,"template":"","meta":[],"product_brand":[],"product_cat":[108],"product_tag":[],"class_list":{"0":"post-2037","1":"product","2":"type-product","3":"status-publish","4":"has-post-thumbnail","6":"product_cat-lubricants","8":"first","9":"instock","10":"shipping-taxable","11":"product-type-simple"},"_links":{"self":[{"href":"https:\/\/unionenergy.co.mz\/pt\/wp-json\/wp\/v2\/product\/2037","targetHints":{"allow":["GET"]}}],"collection":[{"href":"https:\/\/unionenergy.co.mz\/pt\/wp-json\/wp\/v2\/product"}],"about":[{"href":"https:\/\/unionenergy.co.mz\/pt\/wp-json\/wp\/v2\/types\/product"}],"wp:featuredmedia":[{"embeddable":true,"href":"https:\/\/unionenergy.co.mz\/pt\/wp-json\/wp\/v2\/media\/2011"}],"wp:attachment":[{"href":"https:\/\/unionenergy.co.mz\/pt\/wp-json\/wp\/v2\/media?parent=2037"}],"wp:term":[{"taxonomy":"product_brand","embeddable":true,"href":"https:\/\/unionenergy.co.mz\/pt\/wp-json\/wp\/v2\/product_brand?post=2037"},{"taxonomy":"product_cat","embeddable":true,"href":"https:\/\/unionenergy.co.mz\/pt\/wp-json\/wp\/v2\/product_cat?post=2037"},{"taxonomy":"product_tag","embeddable":true,"href":"https:\/\/unionenergy.co.mz\/pt\/wp-json\/wp\/v2\/product_tag?post=2037"}],"curies":[{"name":"wp","href":"https:\/\/api.w.org\/{rel}","templated":true}]}}