{"id":2579,"date":"2021-06-08T14:50:23","date_gmt":"2021-06-08T14:50:23","guid":{"rendered":"https:\/\/unionenergy.co.mz\/?post_type=product&#038;p=2579"},"modified":"2021-06-08T14:53:14","modified_gmt":"2021-06-08T14:53:14","slug":"union-atf","status":"publish","type":"product","link":"https:\/\/unionenergy.co.mz\/pt\/product\/union-atf\/","title":{"rendered":"Union ATF"},"content":{"rendered":"<div class=\"wpb-content-wrapper\"><p>[vc_row css=&#8221;.vc_custom_1623144690103{margin-top: 55px !important;}&#8221;][vc_column width=&#8221;1\/3&#8243;][vc_custom_heading text=&#8221;Brochura<br \/>\ndo Produto&#8221; font_container=&#8221;tag:h3|text_align:left&#8221; use_theme_fonts=&#8221;yes&#8221;][vc_empty_space][\/vc_column][vc_column width=&#8221;1\/3&#8243;][vc_column_text]<a class=\"button\" href=\"https:\/\/unionenergy.co.mz\/wp-content\/uploads\/2021\/06\/A3-UNION-ENERGY-ATF.pdf\" target=\"_blank\" rel=\"noopener\">Ver Detalhes<\/a>[\/vc_column_text][\/vc_column][vc_column width=&#8221;1\/3&#8243;][vc_column_text]<a class=\"button dark\" href=\"https:\/\/unionenergy.co.mz\/wp-content\/uploads\/2021\/06\/A3-UNION-ENERGY-ATF.pdf\" download=\"\">Baixar PDF<\/a>[\/vc_column_text][\/vc_column][\/vc_row]<\/p>\n<\/div>","protected":false},"excerpt":{"rendered":"<p><strong>UNION ENERGY ATF<\/strong> fornece prote\u00e7\u00e3o superior contra desgaste para todos os carros de passageiros e caminh\u00f5es leves que requerem o uso de ATFs TASA, Dexron II D, Dexron II E ou Dexron III G \/ H. Tamb\u00e9m atende aos padr\u00f5es de produtos recomendados para uso pela Volkswagen, Subaru, Isuzu, Fiat, Audi, Renault, Porsche e Mercedes Benz. UNION ENERGY ATF \u00e9 recomendado para equipamentos m\u00f3veis usados por concession\u00e1rias de servi\u00e7os p\u00fablicos, que requerem propriedades de isolamento el\u00e9trico para \u00f3leos hidr\u00e1ulicos.<\/p>\n","protected":false},"featured_media":2577,"template":"","meta":[],"product_brand":[],"product_cat":[108],"product_tag":[],"class_list":{"0":"post-2579","1":"product","2":"type-product","3":"status-publish","4":"has-post-thumbnail","6":"product_cat-lubricants","8":"first","9":"instock","10":"shipping-taxable","11":"product-type-simple"},"_links":{"self":[{"href":"https:\/\/unionenergy.co.mz\/pt\/wp-json\/wp\/v2\/product\/2579","targetHints":{"allow":["GET"]}}],"collection":[{"href":"https:\/\/unionenergy.co.mz\/pt\/wp-json\/wp\/v2\/product"}],"about":[{"href":"https:\/\/unionenergy.co.mz\/pt\/wp-json\/wp\/v2\/types\/product"}],"wp:featuredmedia":[{"embeddable":true,"href":"https:\/\/unionenergy.co.mz\/pt\/wp-json\/wp\/v2\/media\/2577"}],"wp:attachment":[{"href":"https:\/\/unionenergy.co.mz\/pt\/wp-json\/wp\/v2\/media?parent=2579"}],"wp:term":[{"taxonomy":"product_brand","embeddable":true,"href":"https:\/\/unionenergy.co.mz\/pt\/wp-json\/wp\/v2\/product_brand?post=2579"},{"taxonomy":"product_cat","embeddable":true,"href":"https:\/\/unionenergy.co.mz\/pt\/wp-json\/wp\/v2\/product_cat?post=2579"},{"taxonomy":"product_tag","embeddable":true,"href":"https:\/\/unionenergy.co.mz\/pt\/wp-json\/wp\/v2\/product_tag?post=2579"}],"curies":[{"name":"wp","href":"https:\/\/api.w.org\/{rel}","templated":true}]}}